{"id":651,"date":"2025-08-27T12:50:59","date_gmt":"2025-08-27T12:50:59","guid":{"rendered":"https:\/\/adriafitness.hr\/?page_id=651"},"modified":"2025-08-27T13:02:22","modified_gmt":"2025-08-27T13:02:22","slug":"paintball-by-adria-fitness","status":"publish","type":"page","link":"https:\/\/adriafitness.hr\/index.php\/paintball-by-adria-fitness\/","title":{"rendered":"PAINTBALL by ADRIA FITNESS"},"content":{"rendered":"<div class=\"wp-block-image\">\n<figure class=\"aligncenter size-large is-resized\"><img loading=\"lazy\" decoding=\"async\" width=\"708\" height=\"1024\" src=\"https:\/\/adriafitness.hr\/wp-content\/uploads\/2025\/08\/IMG-20250827-WA0003-708x1024.jpg\" alt=\"Paintball, team building, vela luka, kor\u010dula, hrvatska, party, turizam\" class=\"wp-image-652\" style=\"width:366px;height:auto\" srcset=\"https:\/\/adriafitness.hr\/wp-content\/uploads\/2025\/08\/IMG-20250827-WA0003-708x1024.jpg 708w, https:\/\/adriafitness.hr\/wp-content\/uploads\/2025\/08\/IMG-20250827-WA0003-207x300.jpg 207w, https:\/\/adriafitness.hr\/wp-content\/uploads\/2025\/08\/IMG-20250827-WA0003-768x1111.jpg 768w, https:\/\/adriafitness.hr\/wp-content\/uploads\/2025\/08\/IMG-20250827-WA0003-1062x1536.jpg 1062w, https:\/\/adriafitness.hr\/wp-content\/uploads\/2025\/08\/IMG-20250827-WA0003.jpg 1106w\" sizes=\"auto, (max-width: 708px) 100vw, 708px\" \/><\/figure>\n<\/div>\n\n\n<div class=\"wp-block-group\"><div class=\"wp-block-group__inner-container is-layout-constrained wp-block-group-is-layout-constrained\">\n<div class=\"wp-block-group has-white-color has-black-background-color has-text-color has-background has-link-color has-medium-font-size wp-elements-80e06aa2438aaa5d4d8ea3f8a3d5f718\"><div class=\"wp-block-group__inner-container is-layout-constrained wp-block-group-is-layout-constrained\">\n<h3 class=\"wp-block-heading has-text-align-center has-white-color has-black-background-color has-text-color has-background has-link-color has-large-font-size wp-elements-34735fe3f5f913db1ec3f076450d34d8\">Paintball by Adria Fitness adrenalinska avantura na Kor\u010duli<\/h3>\n\n\n\n<div class=\"wp-block-buttons is-content-justification-center is-layout-flex wp-container-core-buttons-is-layout-16018d1d wp-block-buttons-is-layout-flex\">\n<div class=\"wp-block-button\"><a class=\"wp-block-button__link has-text-align-center wp-element-button\" href=\"https:\/\/wa.me\/385955633721\"><em><strong>REZERVACIJA<\/strong><\/em><\/a><\/div>\n<\/div>\n\n\n\n<p>Tra\u017ei\u0161 nezaboravnu aktivnost koja spaja zabavu, adrenalin i timski duh? Dobrodo\u0161ao u <strong>Paintball by Adria Fitness<\/strong> \u2013 najbolje mjesto na Kor\u010duli za pravu akcijsku avanturu!<\/p>\n\n\n\n<p>Na\u0161 <strong>paintball<\/strong> teren nalazi se u prirodnom okru\u017eenju i dizajniran je tako da svaka igra bude dinami\u010dna, uzbudljiva i druga\u010dija. Prepreke, zakloni i raznoliki scenariji osigurat \u0107e ti iskustvo puno iznena\u0111enja i smijeha. Idealno je za dru\u017eenje s prijateljima, proslave ro\u0111endana, team building ili jednostavno bijeg od svakodnevnice.<\/p>\n\n\n\n<p>Sigurnost nam je uvijek na prvom mjestu. Sva oprema je moderna, udobna i redovito odr\u017eavana, a na\u0161 instruktor pobrinut \u0107e se da se svatko osje\u0107a sigurno i spremno za igru \u2013 bez obzira na iskustvo ili fizi\u010dku spremu. Najbolje od svega, u <strong>paintballu<\/strong> svi imaju \u0161ansu zablistati \u2013 ponekad nije presudna brzina, ve\u0107 dobra taktika i suradnja s ekipom.<\/p>\n\n\n\n<p>Ako tra\u017ei\u0161 aktivnost koja \u0107e ti podi\u0107i adrenalin i pru\u017eiti jedinstvenu dozu zabave, <strong>paintball<\/strong> na Kor\u010duli je pravi izbor. Osim igre, nudimo i prostor za dru\u017eenje prije i nakon me\u010deva, tako da svaki susret postaje poseban doga\u0111aj.<\/p>\n\n\n\n<p>\ud83d\udc49 Rezerviraj svoj termin ve\u0107 danas i do\u017eivi za\u0161to je <strong>Paintball <\/strong>omiljena adrenalinska zabava u Dalmaciji!<\/p>\n<\/div><\/div>\n<\/div><\/div>\n\n\n<div class=\"wp-block-image\">\n<figure class=\"aligncenter size-large is-resized\"><img loading=\"lazy\" decoding=\"async\" width=\"907\" height=\"1024\" src=\"https:\/\/adriafitness.hr\/wp-content\/uploads\/2025\/08\/IMG-20250827-WA0002-907x1024.jpg\" alt=\"Paintball, adria fitness, kor\u010dula, vela luka\" class=\"wp-image-653\" style=\"width:354px;height:auto\" srcset=\"https:\/\/adriafitness.hr\/wp-content\/uploads\/2025\/08\/IMG-20250827-WA0002-907x1024.jpg 907w, https:\/\/adriafitness.hr\/wp-content\/uploads\/2025\/08\/IMG-20250827-WA0002-266x300.jpg 266w, https:\/\/adriafitness.hr\/wp-content\/uploads\/2025\/08\/IMG-20250827-WA0002-768x867.jpg 768w, https:\/\/adriafitness.hr\/wp-content\/uploads\/2025\/08\/IMG-20250827-WA0002.jpg 1220w\" sizes=\"auto, (max-width: 907px) 100vw, 907px\" \/><\/figure>\n<\/div>\n\n<div class=\"wp-block-image\">\n<figure class=\"aligncenter size-large is-resized\"><img loading=\"lazy\" decoding=\"async\" width=\"906\" height=\"1024\" src=\"https:\/\/adriafitness.hr\/wp-content\/uploads\/2025\/08\/IMG-20250827-WA0004-906x1024.jpg\" alt=\"Paintball, adria fitness, kor\u010dula, vela luka\" class=\"wp-image-654\" style=\"width:354px;height:auto\" srcset=\"https:\/\/adriafitness.hr\/wp-content\/uploads\/2025\/08\/IMG-20250827-WA0004-906x1024.jpg 906w, https:\/\/adriafitness.hr\/wp-content\/uploads\/2025\/08\/IMG-20250827-WA0004-265x300.jpg 265w, https:\/\/adriafitness.hr\/wp-content\/uploads\/2025\/08\/IMG-20250827-WA0004-768x868.jpg 768w, https:\/\/adriafitness.hr\/wp-content\/uploads\/2025\/08\/IMG-20250827-WA0004.jpg 1220w\" sizes=\"auto, (max-width: 906px) 100vw, 906px\" \/><\/figure>\n<\/div>\n\n<div class=\"wp-block-image\">\n<figure class=\"aligncenter size-large is-resized\"><img loading=\"lazy\" decoding=\"async\" width=\"909\" height=\"1024\" src=\"https:\/\/adriafitness.hr\/wp-content\/uploads\/2025\/08\/IMG-20250827-WA0005-909x1024.jpg\" alt=\"Paintball, adria fitness, kor\u010dula, vela luka\" class=\"wp-image-655\" style=\"width:353px;height:auto\" srcset=\"https:\/\/adriafitness.hr\/wp-content\/uploads\/2025\/08\/IMG-20250827-WA0005-909x1024.jpg 909w, https:\/\/adriafitness.hr\/wp-content\/uploads\/2025\/08\/IMG-20250827-WA0005-266x300.jpg 266w, https:\/\/adriafitness.hr\/wp-content\/uploads\/2025\/08\/IMG-20250827-WA0005-768x866.jpg 768w, https:\/\/adriafitness.hr\/wp-content\/uploads\/2025\/08\/IMG-20250827-WA0005.jpg 1220w\" sizes=\"auto, (max-width: 909px) 100vw, 909px\" \/><\/figure>\n<\/div>\n\n\n<ul class=\"wp-block-social-links is-layout-flex wp-block-social-links-is-layout-flex\"><li class=\"wp-social-link wp-social-link-google  wp-block-social-link\"><a href=\"https:\/\/share.google\/jUrBExViZnL234w3V\" class=\"wp-block-social-link-anchor\"><svg width=\"24\" height=\"24\" viewBox=\"0 0 24 24\" version=\"1.1\" xmlns=\"http:\/\/www.w3.org\/2000\/svg\" aria-hidden=\"true\" focusable=\"false\"><path d=\"M12.02,10.18v3.72v0.01h5.51c-0.26,1.57-1.67,4.22-5.5,4.22c-3.31,0-6.01-2.75-6.01-6.12s2.7-6.12,6.01-6.12 c1.87,0,3.13,0.8,3.85,1.48l2.84-2.76C16.99,2.99,14.73,2,12.03,2c-5.52,0-10,4.48-10,10s4.48,10,10,10c5.77,0,9.6-4.06,9.6-9.77 c0-0.83-0.11-1.42-0.25-2.05H12.02z\"><\/path><\/svg><span class=\"wp-block-social-link-label screen-reader-text\">Google<\/span><\/a><\/li>\n\n<li class=\"wp-social-link wp-social-link-whatsapp  wp-block-social-link\"><a href=\"https:\/\/wa.me\/385955633721\" class=\"wp-block-social-link-anchor\"><svg width=\"24\" height=\"24\" viewBox=\"0 0 24 24\" version=\"1.1\" xmlns=\"http:\/\/www.w3.org\/2000\/svg\" aria-hidden=\"true\" focusable=\"false\"><path d=\"M 12.011719 2 C 6.5057187 2 2.0234844 6.478375 2.0214844 11.984375 C 2.0204844 13.744375 2.4814687 15.462563 3.3554688 16.976562 L 2 22 L 7.2324219 20.763672 C 8.6914219 21.559672 10.333859 21.977516 12.005859 21.978516 L 12.009766 21.978516 C 17.514766 21.978516 21.995047 17.499141 21.998047 11.994141 C 22.000047 9.3251406 20.962172 6.8157344 19.076172 4.9277344 C 17.190172 3.0407344 14.683719 2.001 12.011719 2 z M 12.009766 4 C 14.145766 4.001 16.153109 4.8337969 17.662109 6.3417969 C 19.171109 7.8517969 20.000047 9.8581875 19.998047 11.992188 C 19.996047 16.396187 16.413812 19.978516 12.007812 19.978516 C 10.674812 19.977516 9.3544062 19.642812 8.1914062 19.007812 L 7.5175781 18.640625 L 6.7734375 18.816406 L 4.8046875 19.28125 L 5.2851562 17.496094 L 5.5019531 16.695312 L 5.0878906 15.976562 C 4.3898906 14.768562 4.0204844 13.387375 4.0214844 11.984375 C 4.0234844 7.582375 7.6067656 4 12.009766 4 z M 8.4765625 7.375 C 8.3095625 7.375 8.0395469 7.4375 7.8105469 7.6875 C 7.5815469 7.9365 6.9355469 8.5395781 6.9355469 9.7675781 C 6.9355469 10.995578 7.8300781 12.182609 7.9550781 12.349609 C 8.0790781 12.515609 9.68175 15.115234 12.21875 16.115234 C 14.32675 16.946234 14.754891 16.782234 15.212891 16.740234 C 15.670891 16.699234 16.690438 16.137687 16.898438 15.554688 C 17.106437 14.971687 17.106922 14.470187 17.044922 14.367188 C 16.982922 14.263188 16.816406 14.201172 16.566406 14.076172 C 16.317406 13.951172 15.090328 13.348625 14.861328 13.265625 C 14.632328 13.182625 14.464828 13.140625 14.298828 13.390625 C 14.132828 13.640625 13.655766 14.201187 13.509766 14.367188 C 13.363766 14.534188 13.21875 14.556641 12.96875 14.431641 C 12.71875 14.305641 11.914938 14.041406 10.960938 13.191406 C 10.218937 12.530406 9.7182656 11.714844 9.5722656 11.464844 C 9.4272656 11.215844 9.5585938 11.079078 9.6835938 10.955078 C 9.7955938 10.843078 9.9316406 10.663578 10.056641 10.517578 C 10.180641 10.371578 10.223641 10.267562 10.306641 10.101562 C 10.389641 9.9355625 10.347156 9.7890625 10.285156 9.6640625 C 10.223156 9.5390625 9.737625 8.3065 9.515625 7.8125 C 9.328625 7.3975 9.131125 7.3878594 8.953125 7.3808594 C 8.808125 7.3748594 8.6425625 7.375 8.4765625 7.375 z\"><\/path><\/svg><span class=\"wp-block-social-link-label screen-reader-text\">WhatsApp<\/span><\/a><\/li>\n\n<li class=\"wp-social-link wp-social-link-instagram  wp-block-social-link\"><a href=\"https:\/\/www.instagram.com\/_adria.fitness_?igsh=MXZyaDAwZTFhZ3p0cw==\" class=\"wp-block-social-link-anchor\"><svg width=\"24\" height=\"24\" viewBox=\"0 0 24 24\" version=\"1.1\" xmlns=\"http:\/\/www.w3.org\/2000\/svg\" aria-hidden=\"true\" focusable=\"false\"><path d=\"M12,4.622c2.403,0,2.688,0.009,3.637,0.052c0.877,0.04,1.354,0.187,1.671,0.31c0.42,0.163,0.72,0.358,1.035,0.673 c0.315,0.315,0.51,0.615,0.673,1.035c0.123,0.317,0.27,0.794,0.31,1.671c0.043,0.949,0.052,1.234,0.052,3.637 s-0.009,2.688-0.052,3.637c-0.04,0.877-0.187,1.354-0.31,1.671c-0.163,0.42-0.358,0.72-0.673,1.035 c-0.315,0.315-0.615,0.51-1.035,0.673c-0.317,0.123-0.794,0.27-1.671,0.31c-0.949,0.043-1.233,0.052-3.637,0.052 s-2.688-0.009-3.637-0.052c-0.877-0.04-1.354-0.187-1.671-0.31c-0.42-0.163-0.72-0.358-1.035-0.673 c-0.315-0.315-0.51-0.615-0.673-1.035c-0.123-0.317-0.27-0.794-0.31-1.671C4.631,14.688,4.622,14.403,4.622,12 s0.009-2.688,0.052-3.637c0.04-0.877,0.187-1.354,0.31-1.671c0.163-0.42,0.358-0.72,0.673-1.035 c0.315-0.315,0.615-0.51,1.035-0.673c0.317-0.123,0.794-0.27,1.671-0.31C9.312,4.631,9.597,4.622,12,4.622 M12,3 C9.556,3,9.249,3.01,8.289,3.054C7.331,3.098,6.677,3.25,6.105,3.472C5.513,3.702,5.011,4.01,4.511,4.511 c-0.5,0.5-0.808,1.002-1.038,1.594C3.25,6.677,3.098,7.331,3.054,8.289C3.01,9.249,3,9.556,3,12c0,2.444,0.01,2.751,0.054,3.711 c0.044,0.958,0.196,1.612,0.418,2.185c0.23,0.592,0.538,1.094,1.038,1.594c0.5,0.5,1.002,0.808,1.594,1.038 c0.572,0.222,1.227,0.375,2.185,0.418C9.249,20.99,9.556,21,12,21s2.751-0.01,3.711-0.054c0.958-0.044,1.612-0.196,2.185-0.418 c0.592-0.23,1.094-0.538,1.594-1.038c0.5-0.5,0.808-1.002,1.038-1.594c0.222-0.572,0.375-1.227,0.418-2.185 C20.99,14.751,21,14.444,21,12s-0.01-2.751-0.054-3.711c-0.044-0.958-0.196-1.612-0.418-2.185c-0.23-0.592-0.538-1.094-1.038-1.594 c-0.5-0.5-1.002-0.808-1.594-1.038c-0.572-0.222-1.227-0.375-2.185-0.418C14.751,3.01,14.444,3,12,3L12,3z M12,7.378 c-2.552,0-4.622,2.069-4.622,4.622S9.448,16.622,12,16.622s4.622-2.069,4.622-4.622S14.552,7.378,12,7.378z M12,15 c-1.657,0-3-1.343-3-3s1.343-3,3-3s3,1.343,3,3S13.657,15,12,15z M16.804,6.116c-0.596,0-1.08,0.484-1.08,1.08 s0.484,1.08,1.08,1.08c0.596,0,1.08-0.484,1.08-1.08S17.401,6.116,16.804,6.116z\"><\/path><\/svg><span class=\"wp-block-social-link-label screen-reader-text\">Instagram<\/span><\/a><\/li>\n\n<li class=\"wp-social-link wp-social-link-facebook  wp-block-social-link\"><a href=\"https:\/\/www.facebook.com\/share\/18fchvmh3s\/\" class=\"wp-block-social-link-anchor\"><svg width=\"24\" height=\"24\" viewBox=\"0 0 24 24\" version=\"1.1\" xmlns=\"http:\/\/www.w3.org\/2000\/svg\" aria-hidden=\"true\" focusable=\"false\"><path d=\"M12 2C6.5 2 2 6.5 2 12c0 5 3.7 9.1 8.4 9.9v-7H7.9V12h2.5V9.8c0-2.5 1.5-3.9 3.8-3.9 1.1 0 2.2.2 2.2.2v2.5h-1.3c-1.2 0-1.6.8-1.6 1.6V12h2.8l-.4 2.9h-2.3v7C18.3 21.1 22 17 22 12c0-5.5-4.5-10-10-10z\"><\/path><\/svg><span class=\"wp-block-social-link-label screen-reader-text\">Facebook<\/span><\/a><\/li><\/ul>\n\n\n\n<p><\/p>\n","protected":false},"excerpt":{"rendered":"<p>Paintball by Adria Fitness adrenalinska avantura na Kor\u010duli Tra\u017ei\u0161 nezaboravnu aktivnost koja spaja zabavu, adrenalin i timski duh? Dobrodo\u0161ao u Paintball by Adria Fitness \u2013 najbolje mjesto na Kor\u010duli za pravu akcijsku avanturu! Na\u0161 paintball teren nalazi se u prirodnom okru\u017eenju i dizajniran je tako da svaka igra bude dinami\u010dna,&#8230;<\/p>\n","protected":false},"author":1,"featured_media":0,"parent":0,"menu_order":0,"comment_status":"closed","ping_status":"closed","template":"","meta":{"footnotes":""},"class_list":["post-651","page","type-page","status-publish","hentry"],"yoast_head":"<!-- This site is optimized with the Yoast SEO plugin v27.4 - https:\/\/yoast.com\/product\/yoast-seo-wordpress\/ -->\n<title>PAINTBALL by ADRIA FITNESS - Adria Fitness - otok Kor\u010dula - Vela Luka<\/title>\n<meta name=\"description\" content=\"Tra\u017ei\u0161 nezaboravnu aktivnost koja spaja zabavu, adrenalin i timski duh? Dobrodo\u0161ao u Paintball by Adria Fitness.\" \/>\n<meta name=\"robots\" content=\"index, follow, max-snippet:-1, max-image-preview:large, max-video-preview:-1\" \/>\n<link rel=\"canonical\" href=\"https:\/\/adriafitness.hr\/index.php\/paintball-by-adria-fitness\/\" \/>\n<meta property=\"og:locale\" content=\"hr_HR\" \/>\n<meta property=\"og:type\" content=\"article\" \/>\n<meta property=\"og:title\" content=\"PAINTBALL by ADRIA FITNESS - Adria Fitness - otok Kor\u010dula - Vela Luka\" \/>\n<meta property=\"og:description\" content=\"Tra\u017ei\u0161 nezaboravnu aktivnost koja spaja zabavu, adrenalin i timski duh? Dobrodo\u0161ao u Paintball by Adria Fitness.\" \/>\n<meta property=\"og:url\" content=\"https:\/\/adriafitness.hr\/index.php\/paintball-by-adria-fitness\/\" \/>\n<meta property=\"og:site_name\" content=\"Adria Fitness\" \/>\n<meta property=\"article:publisher\" content=\"https:\/\/www.facebook.com\/share\/19BSebzEJN\/\" \/>\n<meta property=\"article:modified_time\" content=\"2025-08-27T13:02:22+00:00\" \/>\n<meta property=\"og:image\" content=\"https:\/\/adriafitness.hr\/wp-content\/uploads\/2025\/08\/IMG-20250827-WA0003.jpg\" \/>\n\t<meta property=\"og:image:width\" content=\"1106\" \/>\n\t<meta property=\"og:image:height\" content=\"1600\" \/>\n\t<meta property=\"og:image:type\" content=\"image\/jpeg\" \/>\n<meta name=\"twitter:card\" content=\"summary_large_image\" \/>\n<meta name=\"twitter:label1\" content=\"Procijenjeno vrijeme \u010ditanja\" \/>\n\t<meta name=\"twitter:data1\" content=\"2 minute\" \/>\n<script type=\"application\/ld+json\" class=\"yoast-schema-graph\">{\"@context\":\"https:\\\/\\\/schema.org\",\"@graph\":[{\"@type\":\"WebPage\",\"@id\":\"https:\\\/\\\/adriafitness.hr\\\/index.php\\\/paintball-by-adria-fitness\\\/\",\"url\":\"https:\\\/\\\/adriafitness.hr\\\/index.php\\\/paintball-by-adria-fitness\\\/\",\"name\":\"PAINTBALL by ADRIA FITNESS - Adria Fitness - otok Kor\u010dula - Vela Luka\",\"isPartOf\":{\"@id\":\"https:\\\/\\\/adriafitness.hr\\\/#website\"},\"primaryImageOfPage\":{\"@id\":\"https:\\\/\\\/adriafitness.hr\\\/index.php\\\/paintball-by-adria-fitness\\\/#primaryimage\"},\"image\":{\"@id\":\"https:\\\/\\\/adriafitness.hr\\\/index.php\\\/paintball-by-adria-fitness\\\/#primaryimage\"},\"thumbnailUrl\":\"https:\\\/\\\/adriafitness.hr\\\/wp-content\\\/uploads\\\/2025\\\/08\\\/IMG-20250827-WA0003-708x1024.jpg\",\"datePublished\":\"2025-08-27T12:50:59+00:00\",\"dateModified\":\"2025-08-27T13:02:22+00:00\",\"description\":\"Tra\u017ei\u0161 nezaboravnu aktivnost koja spaja zabavu, adrenalin i timski duh? Dobrodo\u0161ao u Paintball by Adria Fitness.\",\"breadcrumb\":{\"@id\":\"https:\\\/\\\/adriafitness.hr\\\/index.php\\\/paintball-by-adria-fitness\\\/#breadcrumb\"},\"inLanguage\":\"hr\",\"potentialAction\":[{\"@type\":\"ReadAction\",\"target\":[\"https:\\\/\\\/adriafitness.hr\\\/index.php\\\/paintball-by-adria-fitness\\\/\"]}]},{\"@type\":\"ImageObject\",\"inLanguage\":\"hr\",\"@id\":\"https:\\\/\\\/adriafitness.hr\\\/index.php\\\/paintball-by-adria-fitness\\\/#primaryimage\",\"url\":\"https:\\\/\\\/adriafitness.hr\\\/wp-content\\\/uploads\\\/2025\\\/08\\\/IMG-20250827-WA0003.jpg\",\"contentUrl\":\"https:\\\/\\\/adriafitness.hr\\\/wp-content\\\/uploads\\\/2025\\\/08\\\/IMG-20250827-WA0003.jpg\",\"width\":1106,\"height\":1600},{\"@type\":\"BreadcrumbList\",\"@id\":\"https:\\\/\\\/adriafitness.hr\\\/index.php\\\/paintball-by-adria-fitness\\\/#breadcrumb\",\"itemListElement\":[{\"@type\":\"ListItem\",\"position\":1,\"name\":\"Po\u010detna stranica\",\"item\":\"https:\\\/\\\/adriafitness.hr\\\/\"},{\"@type\":\"ListItem\",\"position\":2,\"name\":\"PAINTBALL by ADRIA FITNESS\"}]},{\"@type\":\"WebSite\",\"@id\":\"https:\\\/\\\/adriafitness.hr\\\/#website\",\"url\":\"https:\\\/\\\/adriafitness.hr\\\/\",\"name\":\"Adria Fitness\",\"description\":\"Change yourself\",\"publisher\":{\"@id\":\"https:\\\/\\\/adriafitness.hr\\\/#\\\/schema\\\/person\\\/247b813935dc7b7014196f73a864e2fb\"},\"potentialAction\":[{\"@type\":\"SearchAction\",\"target\":{\"@type\":\"EntryPoint\",\"urlTemplate\":\"https:\\\/\\\/adriafitness.hr\\\/?s={search_term_string}\"},\"query-input\":{\"@type\":\"PropertyValueSpecification\",\"valueRequired\":true,\"valueName\":\"search_term_string\"}}],\"inLanguage\":\"hr\"},{\"@type\":[\"Person\",\"Organization\"],\"@id\":\"https:\\\/\\\/adriafitness.hr\\\/#\\\/schema\\\/person\\\/247b813935dc7b7014196f73a864e2fb\",\"name\":\"admin\",\"image\":{\"@type\":\"ImageObject\",\"inLanguage\":\"hr\",\"@id\":\"https:\\\/\\\/adriafitness.hr\\\/wp-content\\\/uploads\\\/2025\\\/02\\\/cropped-WhatsApp-Slika-2025-02-28-u-17.35.37_4d439098-1-2.jpg\",\"url\":\"https:\\\/\\\/adriafitness.hr\\\/wp-content\\\/uploads\\\/2025\\\/02\\\/cropped-WhatsApp-Slika-2025-02-28-u-17.35.37_4d439098-1-2.jpg\",\"contentUrl\":\"https:\\\/\\\/adriafitness.hr\\\/wp-content\\\/uploads\\\/2025\\\/02\\\/cropped-WhatsApp-Slika-2025-02-28-u-17.35.37_4d439098-1-2.jpg\",\"width\":512,\"height\":512,\"caption\":\"admin\"},\"logo\":{\"@id\":\"https:\\\/\\\/adriafitness.hr\\\/wp-content\\\/uploads\\\/2025\\\/02\\\/cropped-WhatsApp-Slika-2025-02-28-u-17.35.37_4d439098-1-2.jpg\"},\"sameAs\":[\"https:\\\/\\\/adriafitness.hr\",\"https:\\\/\\\/www.facebook.com\\\/share\\\/19BSebzEJN\\\/\",\"https:\\\/\\\/www.instagram.com\\\/_adria.fitness_\\\/\",\"https:\\\/\\\/youtube.com\\\/@petardragojevic3960?si=DirRTvG3WBmdijQ3\"]}]}<\/script>\n<!-- \/ Yoast SEO plugin. -->","yoast_head_json":{"title":"PAINTBALL by ADRIA FITNESS - Adria Fitness - otok Kor\u010dula - Vela Luka","description":"Tra\u017ei\u0161 nezaboravnu aktivnost koja spaja zabavu, adrenalin i timski duh? Dobrodo\u0161ao u Paintball by Adria Fitness.","robots":{"index":"index","follow":"follow","max-snippet":"max-snippet:-1","max-image-preview":"max-image-preview:large","max-video-preview":"max-video-preview:-1"},"canonical":"https:\/\/adriafitness.hr\/index.php\/paintball-by-adria-fitness\/","og_locale":"hr_HR","og_type":"article","og_title":"PAINTBALL by ADRIA FITNESS - Adria Fitness - otok Kor\u010dula - Vela Luka","og_description":"Tra\u017ei\u0161 nezaboravnu aktivnost koja spaja zabavu, adrenalin i timski duh? Dobrodo\u0161ao u Paintball by Adria Fitness.","og_url":"https:\/\/adriafitness.hr\/index.php\/paintball-by-adria-fitness\/","og_site_name":"Adria Fitness","article_publisher":"https:\/\/www.facebook.com\/share\/19BSebzEJN\/","article_modified_time":"2025-08-27T13:02:22+00:00","og_image":[{"width":1106,"height":1600,"url":"https:\/\/adriafitness.hr\/wp-content\/uploads\/2025\/08\/IMG-20250827-WA0003.jpg","type":"image\/jpeg"}],"twitter_card":"summary_large_image","twitter_misc":{"Procijenjeno vrijeme \u010ditanja":"2 minute"},"schema":{"@context":"https:\/\/schema.org","@graph":[{"@type":"WebPage","@id":"https:\/\/adriafitness.hr\/index.php\/paintball-by-adria-fitness\/","url":"https:\/\/adriafitness.hr\/index.php\/paintball-by-adria-fitness\/","name":"PAINTBALL by ADRIA FITNESS - Adria Fitness - otok Kor\u010dula - Vela Luka","isPartOf":{"@id":"https:\/\/adriafitness.hr\/#website"},"primaryImageOfPage":{"@id":"https:\/\/adriafitness.hr\/index.php\/paintball-by-adria-fitness\/#primaryimage"},"image":{"@id":"https:\/\/adriafitness.hr\/index.php\/paintball-by-adria-fitness\/#primaryimage"},"thumbnailUrl":"https:\/\/adriafitness.hr\/wp-content\/uploads\/2025\/08\/IMG-20250827-WA0003-708x1024.jpg","datePublished":"2025-08-27T12:50:59+00:00","dateModified":"2025-08-27T13:02:22+00:00","description":"Tra\u017ei\u0161 nezaboravnu aktivnost koja spaja zabavu, adrenalin i timski duh? Dobrodo\u0161ao u Paintball by Adria Fitness.","breadcrumb":{"@id":"https:\/\/adriafitness.hr\/index.php\/paintball-by-adria-fitness\/#breadcrumb"},"inLanguage":"hr","potentialAction":[{"@type":"ReadAction","target":["https:\/\/adriafitness.hr\/index.php\/paintball-by-adria-fitness\/"]}]},{"@type":"ImageObject","inLanguage":"hr","@id":"https:\/\/adriafitness.hr\/index.php\/paintball-by-adria-fitness\/#primaryimage","url":"https:\/\/adriafitness.hr\/wp-content\/uploads\/2025\/08\/IMG-20250827-WA0003.jpg","contentUrl":"https:\/\/adriafitness.hr\/wp-content\/uploads\/2025\/08\/IMG-20250827-WA0003.jpg","width":1106,"height":1600},{"@type":"BreadcrumbList","@id":"https:\/\/adriafitness.hr\/index.php\/paintball-by-adria-fitness\/#breadcrumb","itemListElement":[{"@type":"ListItem","position":1,"name":"Po\u010detna stranica","item":"https:\/\/adriafitness.hr\/"},{"@type":"ListItem","position":2,"name":"PAINTBALL by ADRIA FITNESS"}]},{"@type":"WebSite","@id":"https:\/\/adriafitness.hr\/#website","url":"https:\/\/adriafitness.hr\/","name":"Adria Fitness","description":"Change yourself","publisher":{"@id":"https:\/\/adriafitness.hr\/#\/schema\/person\/247b813935dc7b7014196f73a864e2fb"},"potentialAction":[{"@type":"SearchAction","target":{"@type":"EntryPoint","urlTemplate":"https:\/\/adriafitness.hr\/?s={search_term_string}"},"query-input":{"@type":"PropertyValueSpecification","valueRequired":true,"valueName":"search_term_string"}}],"inLanguage":"hr"},{"@type":["Person","Organization"],"@id":"https:\/\/adriafitness.hr\/#\/schema\/person\/247b813935dc7b7014196f73a864e2fb","name":"admin","image":{"@type":"ImageObject","inLanguage":"hr","@id":"https:\/\/adriafitness.hr\/wp-content\/uploads\/2025\/02\/cropped-WhatsApp-Slika-2025-02-28-u-17.35.37_4d439098-1-2.jpg","url":"https:\/\/adriafitness.hr\/wp-content\/uploads\/2025\/02\/cropped-WhatsApp-Slika-2025-02-28-u-17.35.37_4d439098-1-2.jpg","contentUrl":"https:\/\/adriafitness.hr\/wp-content\/uploads\/2025\/02\/cropped-WhatsApp-Slika-2025-02-28-u-17.35.37_4d439098-1-2.jpg","width":512,"height":512,"caption":"admin"},"logo":{"@id":"https:\/\/adriafitness.hr\/wp-content\/uploads\/2025\/02\/cropped-WhatsApp-Slika-2025-02-28-u-17.35.37_4d439098-1-2.jpg"},"sameAs":["https:\/\/adriafitness.hr","https:\/\/www.facebook.com\/share\/19BSebzEJN\/","https:\/\/www.instagram.com\/_adria.fitness_\/","https:\/\/youtube.com\/@petardragojevic3960?si=DirRTvG3WBmdijQ3"]}]}},"_links":{"self":[{"href":"https:\/\/adriafitness.hr\/index.php\/wp-json\/wp\/v2\/pages\/651","targetHints":{"allow":["GET"]}}],"collection":[{"href":"https:\/\/adriafitness.hr\/index.php\/wp-json\/wp\/v2\/pages"}],"about":[{"href":"https:\/\/adriafitness.hr\/index.php\/wp-json\/wp\/v2\/types\/page"}],"author":[{"embeddable":true,"href":"https:\/\/adriafitness.hr\/index.php\/wp-json\/wp\/v2\/users\/1"}],"replies":[{"embeddable":true,"href":"https:\/\/adriafitness.hr\/index.php\/wp-json\/wp\/v2\/comments?post=651"}],"version-history":[{"count":3,"href":"https:\/\/adriafitness.hr\/index.php\/wp-json\/wp\/v2\/pages\/651\/revisions"}],"predecessor-version":[{"id":669,"href":"https:\/\/adriafitness.hr\/index.php\/wp-json\/wp\/v2\/pages\/651\/revisions\/669"}],"wp:attachment":[{"href":"https:\/\/adriafitness.hr\/index.php\/wp-json\/wp\/v2\/media?parent=651"}],"curies":[{"name":"wp","href":"https:\/\/api.w.org\/{rel}","templated":true}]}}