{"id":58,"date":"2025-03-01T15:49:46","date_gmt":"2025-03-01T15:49:46","guid":{"rendered":"https:\/\/adriafitness.hr\/?page_id=58"},"modified":"2025-08-27T12:12:16","modified_gmt":"2025-08-27T12:12:16","slug":"osobni-trener-o-meni","status":"publish","type":"page","link":"https:\/\/adriafitness.hr\/index.php\/osobni-trener-o-meni\/","title":{"rendered":"O MENI &#8211; OSOBNI TRENER"},"content":{"rendered":"\n<p class=\"has-white-color has-black-background-color has-text-color has-background has-link-color has-medium-font-size wp-elements-43bc350eb2d58a9d084dd5512cff05a9\"><strong><em>Ovdje se ne vje\u017eba za story. Ovdje se trenira da poka\u017ee\u0161 sebi tko si zapravo<\/em><\/strong>!<\/p>\n\n\n\n<figure class=\"wp-block-image size-large\"><img loading=\"lazy\" decoding=\"async\" width=\"1024\" height=\"683\" src=\"https:\/\/adriafitness.hr\/wp-content\/uploads\/2025\/06\/WhatsApp-Slika-2025-06-08-u-15.09.25_14399036-1-1024x683.jpg\" alt=\"UTRKA PELJE\u0160KIM MOSTOM, 5K, PLAN TR\u010cANJA, BESPLATNI PROGRAM, MR\u0160AVLJENJE\" class=\"wp-image-628\" srcset=\"https:\/\/adriafitness.hr\/wp-content\/uploads\/2025\/06\/WhatsApp-Slika-2025-06-08-u-15.09.25_14399036-1-1024x683.jpg 1024w, https:\/\/adriafitness.hr\/wp-content\/uploads\/2025\/06\/WhatsApp-Slika-2025-06-08-u-15.09.25_14399036-1-300x200.jpg 300w, https:\/\/adriafitness.hr\/wp-content\/uploads\/2025\/06\/WhatsApp-Slika-2025-06-08-u-15.09.25_14399036-1-768x512.jpg 768w, https:\/\/adriafitness.hr\/wp-content\/uploads\/2025\/06\/WhatsApp-Slika-2025-06-08-u-15.09.25_14399036-1.jpg 1080w\" sizes=\"auto, (max-width: 1024px) 100vw, 1024px\" \/><\/figure>\n\n\n\n<blockquote class=\"wp-block-quote has-white-color has-black-background-color has-text-color has-background has-link-color has-medium-font-size wp-elements-d4db367d3f0ae09f97ab5fe1041c7273 is-layout-flow wp-block-quote-is-layout-flow\">\n<p>\u201cJa sam Petar Dragojevi\u0107, mag. kineziologije, trener s 15 godina sportskog iskustva i osniva\u010d Adria Fitnessa u Veloj Luci (od 2020.). Nakon 23 godine sporta i vaterpola, gdje sam se morao dokazivati iz dana u dan, shvatio sam da trening mora biti vi\u0161e od znoja \u2013 mora biti <em>sklop glave i tijela<\/em>. I upravo to u\u010dim ljude ovdje.\u201d<\/p>\n<\/blockquote>\n\n\n\n<ul class=\"wp-block-list\">\n<li class=\"has-cyan-bluish-gray-color has-text-color has-link-color has-medium-font-size wp-elements-686a9509f233f506cbe19c4ae1d21203\">\u201cEdukaciju sam nastavio kod Marina Ba\u0161i\u0107a (Basic Pro Coach) i brzo primijenio nau\u010deno.\u201d<\/li>\n\n\n\n<li class=\"has-cyan-bluish-gray-color has-text-color has-link-color has-medium-font-size wp-elements-a9d0ce62606a6588ff5902839c9e80dd\">\u201cNa sveu\u010dili\u0161noj razini osvojio sam medalje u vaterpolu i natjecao se na europskim igrama.\u201d<\/li>\n\n\n\n<li class=\"has-cyan-bluish-gray-color has-text-color has-link-color has-medium-font-size wp-elements-0aa4e09d6ba751578b4cb7be7cdeb550\">\u201cU protekle 4 godine vi\u0161e od 100 ljudi je zajedno sa mnom provelo promjenu \u2013 fizi\u010dku i mentalnu.\u201d<\/li>\n<\/ul>\n\n\n<div class=\"wp-block-image\">\n<figure class=\"aligncenter size-large is-resized\"><img loading=\"lazy\" decoding=\"async\" width=\"1024\" height=\"792\" src=\"https:\/\/adriafitness.hr\/wp-content\/uploads\/2025\/06\/WhatsApp-Slika-2025-06-08-u-15.11.04_5924cba8-1024x792.jpg\" alt=\"MARINO BA\u0160I\u0106, BASIC GYM ONE, BASIC TRAINING FOR LIFE, STRENGTH, ENDURANCE\" class=\"wp-image-626\" style=\"width:499px;height:auto\" srcset=\"https:\/\/adriafitness.hr\/wp-content\/uploads\/2025\/06\/WhatsApp-Slika-2025-06-08-u-15.11.04_5924cba8-1024x792.jpg 1024w, https:\/\/adriafitness.hr\/wp-content\/uploads\/2025\/06\/WhatsApp-Slika-2025-06-08-u-15.11.04_5924cba8-300x232.jpg 300w, https:\/\/adriafitness.hr\/wp-content\/uploads\/2025\/06\/WhatsApp-Slika-2025-06-08-u-15.11.04_5924cba8-768x594.jpg 768w, https:\/\/adriafitness.hr\/wp-content\/uploads\/2025\/06\/WhatsApp-Slika-2025-06-08-u-15.11.04_5924cba8.jpg 1220w\" sizes=\"auto, (max-width: 1024px) 100vw, 1024px\" \/><\/figure>\n<\/div>\n\n<div class=\"wp-block-image\">\n<figure class=\"aligncenter size-large is-resized\"><img loading=\"lazy\" decoding=\"async\" width=\"1024\" height=\"1008\" src=\"https:\/\/adriafitness.hr\/wp-content\/uploads\/2025\/06\/WhatsApp-Slika-2025-06-08-u-15.08.02_45eed64e-1024x1008.jpg\" alt=\"EUSA 2016, UNISPORT, UNIST, UNIVERSITY SPLIT\n\" class=\"wp-image-627\" style=\"width:499px;height:auto\" srcset=\"https:\/\/adriafitness.hr\/wp-content\/uploads\/2025\/06\/WhatsApp-Slika-2025-06-08-u-15.08.02_45eed64e-1024x1008.jpg 1024w, https:\/\/adriafitness.hr\/wp-content\/uploads\/2025\/06\/WhatsApp-Slika-2025-06-08-u-15.08.02_45eed64e-300x295.jpg 300w, https:\/\/adriafitness.hr\/wp-content\/uploads\/2025\/06\/WhatsApp-Slika-2025-06-08-u-15.08.02_45eed64e-768x756.jpg 768w, https:\/\/adriafitness.hr\/wp-content\/uploads\/2025\/06\/WhatsApp-Slika-2025-06-08-u-15.08.02_45eed64e.jpg 1220w\" sizes=\"auto, (max-width: 1024px) 100vw, 1024px\" \/><\/figure>\n<\/div>\n\n\n<blockquote class=\"wp-block-quote has-white-color has-black-background-color has-text-color has-background has-link-color has-medium-font-size wp-elements-cd18176f516b21151d13587c52d2e0d2 is-layout-flow wp-block-quote-is-layout-flow\">\n<p>\u201cMoja filozofija? Trening mora biti sustav, ne improvizacija. Na treninzima kod mene dobiva\u0161:<\/p>\n\n\n\n<ul class=\"wp-block-list\">\n<li>plan za glavu i tijelo<\/li>\n\n\n\n<li>strukturiranu progresiju<\/li>\n\n\n\n<li>osobni pristup u grupi ili 1-na-1<\/li>\n<\/ul>\n<\/blockquote>\n\n\n\n<blockquote class=\"wp-block-quote has-white-color has-black-background-color has-text-color has-background has-link-color has-medium-font-size wp-elements-3bcd608fb154e9925300bfdfba87de1f is-layout-flow wp-block-quote-is-layout-flow\">\n<p>\u201cAko \u017eeli\u0161 trenirati da poka\u017ee\u0161 sebi koliko vrijedi\u0161, a ne nekome drugome \u2013 klikni ispod i krenimo.\u201d<\/p>\n<\/blockquote>\n\n\n\n<div class=\"wp-block-buttons is-content-justification-center is-layout-flex wp-container-core-buttons-is-layout-16018d1d wp-block-buttons-is-layout-flex\">\n<div class=\"wp-block-button\"><a class=\"wp-block-button__link wp-element-button\" href=\"https:\/\/adriafitness.hr\/index.php\/online-trening-plan-treninga-i-prijava\/\"><strong>\ud83d\udc49 PRIJAVI SE DANAS<\/strong><\/a><\/div>\n<\/div>\n\n\n<div class=\"wp-block-image\">\n<figure class=\"aligncenter size-large is-resized\"><img loading=\"lazy\" decoding=\"async\" width=\"1024\" height=\"683\" src=\"https:\/\/adriafitness.hr\/wp-content\/uploads\/2025\/06\/WhatsApp-Slika-2025-06-08-u-14.32.11_287b747a-1024x683.jpg\" alt=\"OSOBNI TRENER, TR\u010cANJE, BICIKLIZAM, 5K , 10K, POLUMARATON, MARATON, ULTRA MARATON, PLANOVI TRENINGA, MR\u0160AVLJENJE\" class=\"wp-image-613\" style=\"width:613px;height:auto\" srcset=\"https:\/\/adriafitness.hr\/wp-content\/uploads\/2025\/06\/WhatsApp-Slika-2025-06-08-u-14.32.11_287b747a-1024x683.jpg 1024w, https:\/\/adriafitness.hr\/wp-content\/uploads\/2025\/06\/WhatsApp-Slika-2025-06-08-u-14.32.11_287b747a-300x200.jpg 300w, https:\/\/adriafitness.hr\/wp-content\/uploads\/2025\/06\/WhatsApp-Slika-2025-06-08-u-14.32.11_287b747a-768x512.jpg 768w, https:\/\/adriafitness.hr\/wp-content\/uploads\/2025\/06\/WhatsApp-Slika-2025-06-08-u-14.32.11_287b747a-1536x1024.jpg 1536w, https:\/\/adriafitness.hr\/wp-content\/uploads\/2025\/06\/WhatsApp-Slika-2025-06-08-u-14.32.11_287b747a.jpg 1600w\" sizes=\"auto, (max-width: 1024px) 100vw, 1024px\" \/><\/figure>\n<\/div>\n\n\n<ul class=\"wp-block-social-links is-layout-flex wp-block-social-links-is-layout-flex\"><li class=\"wp-social-link wp-social-link-youtube  wp-block-social-link\"><a href=\"https:\/\/www.youtube.com\/@petardragojevic3960\" class=\"wp-block-social-link-anchor\"><svg width=\"24\" height=\"24\" viewBox=\"0 0 24 24\" version=\"1.1\" xmlns=\"http:\/\/www.w3.org\/2000\/svg\" aria-hidden=\"true\" focusable=\"false\"><path d=\"M21.8,8.001c0,0-0.195-1.378-0.795-1.985c-0.76-0.797-1.613-0.801-2.004-0.847c-2.799-0.202-6.997-0.202-6.997-0.202 h-0.009c0,0-4.198,0-6.997,0.202C4.608,5.216,3.756,5.22,2.995,6.016C2.395,6.623,2.2,8.001,2.2,8.001S2,9.62,2,11.238v1.517 c0,1.618,0.2,3.237,0.2,3.237s0.195,1.378,0.795,1.985c0.761,0.797,1.76,0.771,2.205,0.855c1.6,0.153,6.8,0.201,6.8,0.201 s4.203-0.006,7.001-0.209c0.391-0.047,1.243-0.051,2.004-0.847c0.6-0.607,0.795-1.985,0.795-1.985s0.2-1.618,0.2-3.237v-1.517 C22,9.62,21.8,8.001,21.8,8.001z M9.935,14.594l-0.001-5.62l5.404,2.82L9.935,14.594z\"><\/path><\/svg><span class=\"wp-block-social-link-label screen-reader-text\">YouTube<\/span><\/a><\/li><\/ul>\n\n\n\n<h2 class=\"wp-block-heading has-white-color has-black-background-color has-text-color has-background has-link-color wp-elements-6ba04349be76e1c2d439686c6bccf913\">VI\u0160E O MENI<\/h2>\n\n\n\n<p class=\"has-white-color has-black-background-color has-text-color has-background has-link-color has-medium-font-size wp-elements-6b9e5f4919156824d2fa5dcad9031935\">Pozdrav, ja sam Petar Dragojevi\u0107 magistar sam kineziologije i osobni trener. Dolazim iz Vele Luke i ro\u0111en sam 29.09.1993. godine. Bavim se sportom od svoje 9 godine, zapo\u010deo sam s nogometom i trenirao kratko, a poslije se prebacio na vaterpolo i bavio se njime dugi niz godina. Kroz godine sam zavolio tr\u010danje, a posebno trail i duge distance. Na trening snage sam uvijek gledao kao na alat koji mi poma\u017ee biti bolji u onome \u0161to volim (tr\u010danje,bicikla, plivanje). Ne pro\u0111e skoro dan da ne odradim trening bilo trka\u010dki, na bicikli, u teretani ili kada do\u0111e vrijeme i za to, pliva\u010dki. Kad mi obveze dopu\u0161taju redovito sudjelujem na trail utrkama, a najv\u0161e volim ultra distance. <\/p>\n\n\n\n<p class=\"has-white-color has-black-background-color has-text-color has-background has-link-color has-medium-font-size wp-elements-6a5978e28baed7b252936e6a4cde8fa6\">2018. godine sam diplomirao na sveu\u010dili\u0161tu u Splitu, a 2019. krenuo s vlastitim grupnim treninzima, funkcionalni trening. 2020. godine sam pokrenuo svoju teretanu u svom rodnom mjestu, &#8220;Adria Fitness&#8221;. Od tada je na mojim funkcionalnim treninzima pro\u0161lo vi\u0161e od 100tinjak \u010dlanova, od kojih se ve\u0107i dio zadr\u017eao do danas, kao osobni trener imao sam desetke klijenata s kojima sam imao za cilj pobolj\u0161ati kondiciju, smr\u0161aviti ili olak\u0161ati bolna stanja ramena, kralje\u017enice, kuka ili koljena. Kroz godine rada pomogao sam mnogima da postignu svoje ciljeve, te budu jo\u0161 bolji, poprave svoje rezultate i zdravstveni status. U svom poslu najvi\u0161e volim razra\u0111ivati trening planove i njihovu strukturu. <\/p>\n\n\n\n<p class=\"has-white-color has-black-background-color has-text-color has-background has-link-color has-medium-font-size wp-elements-ad7d736d6317c6403ce55011e9c68f80\"><em>PRIJAVI SE DANAS I OSTVARI SVOJE CILJEVE<\/em>. <\/p>\n\n\n\n<figure class=\"wp-block-gallery has-nested-images columns-default is-cropped wp-block-gallery-1 is-layout-flex wp-block-gallery-is-layout-flex\">\n<figure class=\"wp-block-image size-large\"><img loading=\"lazy\" decoding=\"async\" width=\"1024\" height=\"683\" data-id=\"322\" src=\"https:\/\/adriafitness.hr\/wp-content\/uploads\/2025\/03\/1000001141-1024x683.jpg\" alt=\"Osobni trener, Tr\u010danje, Vela Luka, Fitness, Adria Fitness, plan treninga za tr\u010danje, trening, online trening\" class=\"wp-image-322\" srcset=\"https:\/\/adriafitness.hr\/wp-content\/uploads\/2025\/03\/1000001141-1024x683.jpg 1024w, https:\/\/adriafitness.hr\/wp-content\/uploads\/2025\/03\/1000001141-300x200.jpg 300w, https:\/\/adriafitness.hr\/wp-content\/uploads\/2025\/03\/1000001141-768x512.jpg 768w, https:\/\/adriafitness.hr\/wp-content\/uploads\/2025\/03\/1000001141.jpg 1440w\" sizes=\"auto, (max-width: 1024px) 100vw, 1024px\" \/><\/figure>\n<\/figure>\n\n\n\n<h2 class=\"wp-block-heading\"><\/h2>\n\n\n\n<h2 class=\"wp-block-heading has-white-color has-black-background-color has-text-color has-background has-link-color has-large-font-size wp-elements-267832d9b49ec14bb4bb59d9d4850aea\">\u0160TO ME IZDVAJA KAO TRENERA<\/h2>\n\n\n\n<div class=\"wp-block-group has-white-color has-black-background-color has-text-color has-background has-link-color has-medium-font-size wp-elements-160789b46ad543c040655b89a22272eb\"><div class=\"wp-block-group__inner-container is-layout-constrained wp-block-group-is-layout-constrained\">\n<ul class=\"wp-block-list\">\n<li>\u017delim svoju strast i znanje dobiveno kroz sport i obrazovanje prenijeti na vas<\/li>\n<\/ul>\n\n\n\n<ul class=\"wp-block-list\">\n<li>Individualni pristup: svaki plan prilago\u0111avamo prema tvojim mogu\u0107nostima i ciljevima<\/li>\n\n\n\n<li>Kombinacija snage, izdr\u017eljivosti i funkcionalnog treninga za optimalne rezultate<\/li>\n\n\n\n<li>Kontinuirano pra\u0107enje napretka, analiza i prilagodba plana za maksimalnu u\u010dinkovitost<\/li>\n\n\n\n<li>Edukacija i podr\u0161ka: ne samo treninzi, ve\u0107 i razumijevanje procesa <\/li>\n<\/ul>\n<\/div><\/div>\n\n\n\n<div class=\"wp-block-buttons is-content-justification-center is-layout-flex wp-container-core-buttons-is-layout-16018d1d wp-block-buttons-is-layout-flex\">\n<div class=\"wp-block-button\"><a class=\"wp-block-button__link wp-element-button\" href=\"https:\/\/adriafitness.hr\/index.php\/online-trening-plan-treninga-i-prijava\/\"><strong>\ud83d\udc49 PRIJAVI SE DANAS<\/strong><\/a><\/div>\n<\/div>\n\n\n\n<div class=\"wp-block-group has-white-color has-black-background-color has-text-color has-background has-link-color wp-elements-e44c5e797cf710a543e365898e1e6329\"><div class=\"wp-block-group__inner-container is-layout-constrained wp-block-group-is-layout-constrained\">\n<ul class=\"wp-block-list\">\n<li class=\"has-white-color has-text-color has-link-color has-medium-font-size wp-elements-3e19463d6b99f929193067244322e2f5\"><strong><em>POSTAVI SVOJE NOVO VRIJEME U TR\u010cANJU<\/em><\/strong><\/li>\n\n\n\n<li class=\"has-white-color has-text-color has-link-color has-medium-font-size wp-elements-222b86d725c2a22b189b0c2c9ada01f1\"><strong><em>UNAPRIJEDI KONDICIJU<\/em><\/strong><\/li>\n\n\n\n<li class=\"has-white-color has-text-color has-link-color has-medium-font-size wp-elements-b02bf2fd4c1325913101e5c2009c7004\"><strong><em>IZGRADI FUNKCIONALNU SNAGU<\/em><\/strong><\/li>\n\n\n\n<li class=\"has-white-color has-text-color has-link-color has-medium-font-size wp-elements-71dd5a95d62790faab5c7d7ac0b2c7e6\"><strong><em>POBOLJ\u0160AJ SVOJ ZDRAVSTVENI STATUS<\/em><\/strong><\/li>\n<\/ul>\n<\/div><\/div>\n\n\n<div class=\"wp-block-image\">\n<figure class=\"aligncenter size-large is-resized\"><img loading=\"lazy\" decoding=\"async\" width=\"799\" height=\"1024\" src=\"https:\/\/adriafitness.hr\/wp-content\/uploads\/2025\/03\/WhatsApp-Slika-2025-03-16-u-20.06.18_160eb8a4-799x1024.jpg\" alt=\"ULTRAMARATON, PROMINA, DRNI\u0160, VELIKI TO\u010cAK, TR\u010cANJE, PLAN I PROGRAM, PREHRANA\" class=\"wp-image-434\" style=\"width:657px;height:auto\" srcset=\"https:\/\/adriafitness.hr\/wp-content\/uploads\/2025\/03\/WhatsApp-Slika-2025-03-16-u-20.06.18_160eb8a4-799x1024.jpg 799w, https:\/\/adriafitness.hr\/wp-content\/uploads\/2025\/03\/WhatsApp-Slika-2025-03-16-u-20.06.18_160eb8a4-234x300.jpg 234w, https:\/\/adriafitness.hr\/wp-content\/uploads\/2025\/03\/WhatsApp-Slika-2025-03-16-u-20.06.18_160eb8a4-768x985.jpg 768w, https:\/\/adriafitness.hr\/wp-content\/uploads\/2025\/03\/WhatsApp-Slika-2025-03-16-u-20.06.18_160eb8a4-1198x1536.jpg 1198w, https:\/\/adriafitness.hr\/wp-content\/uploads\/2025\/03\/WhatsApp-Slika-2025-03-16-u-20.06.18_160eb8a4.jpg 1220w\" sizes=\"auto, (max-width: 799px) 100vw, 799px\" \/><\/figure>\n<\/div>\n\n\n<p><\/p>\n","protected":false},"excerpt":{"rendered":"<p>Ovdje se ne vje\u017eba za story. Ovdje se trenira da poka\u017ee\u0161 sebi tko si zapravo! \u201cJa sam Petar Dragojevi\u0107, mag. kineziologije, trener s 15 godina sportskog iskustva i osniva\u010d Adria Fitnessa u Veloj Luci (od 2020.). Nakon 23 godine sporta i vaterpola, gdje sam se morao dokazivati iz dana u&#8230;<\/p>\n","protected":false},"author":1,"featured_media":0,"parent":0,"menu_order":0,"comment_status":"closed","ping_status":"closed","template":"","meta":{"footnotes":""},"class_list":["post-58","page","type-page","status-publish","hentry"],"yoast_head":"<!-- This site is optimized with the Yoast SEO plugin v27.4 - https:\/\/yoast.com\/product\/yoast-seo-wordpress\/ -->\n<title>Osobni trener - Online trening - Plan treninga - Petar Dragojevi\u0107<\/title>\n<meta name=\"description\" content=\"Pozdrav, ja sam Petar Dragojevi\u0107 i magistar sam kineziologije. Kao osobni trener pomogao sam mnogima da postignu svoje ciljeve.\" \/>\n<meta name=\"robots\" content=\"index, follow, max-snippet:-1, max-image-preview:large, max-video-preview:-1\" \/>\n<link rel=\"canonical\" href=\"https:\/\/adriafitness.hr\/index.php\/osobni-trener-o-meni\/\" \/>\n<meta property=\"og:locale\" content=\"hr_HR\" \/>\n<meta property=\"og:type\" content=\"article\" \/>\n<meta property=\"og:title\" content=\"Osobni trener - Online trening - Plan treninga - Petar Dragojevi\u0107\" \/>\n<meta property=\"og:description\" content=\"Pozdrav, ja sam Petar Dragojevi\u0107 i magistar sam kineziologije. Kao osobni trener pomogao sam mnogima da postignu svoje ciljeve.\" \/>\n<meta property=\"og:url\" content=\"https:\/\/adriafitness.hr\/index.php\/osobni-trener-o-meni\/\" \/>\n<meta property=\"og:site_name\" content=\"Adria Fitness\" \/>\n<meta property=\"article:publisher\" content=\"https:\/\/www.facebook.com\/share\/19BSebzEJN\/\" \/>\n<meta property=\"article:modified_time\" content=\"2025-08-27T12:12:16+00:00\" \/>\n<meta property=\"og:image\" content=\"https:\/\/adriafitness.hr\/wp-content\/uploads\/2025\/06\/WhatsApp-Slika-2025-06-08-u-15.09.25_14399036-1.jpg\" \/>\n\t<meta property=\"og:image:width\" content=\"1080\" \/>\n\t<meta property=\"og:image:height\" content=\"720\" \/>\n\t<meta property=\"og:image:type\" content=\"image\/jpeg\" \/>\n<meta name=\"twitter:card\" content=\"summary_large_image\" \/>\n<meta name=\"twitter:label1\" content=\"Procijenjeno vrijeme \u010ditanja\" \/>\n\t<meta name=\"twitter:data1\" content=\"4 minute\" \/>\n<script type=\"application\/ld+json\" class=\"yoast-schema-graph\">{\"@context\":\"https:\\\/\\\/schema.org\",\"@graph\":[{\"@type\":\"WebPage\",\"@id\":\"https:\\\/\\\/adriafitness.hr\\\/index.php\\\/osobni-trener-o-meni\\\/\",\"url\":\"https:\\\/\\\/adriafitness.hr\\\/index.php\\\/osobni-trener-o-meni\\\/\",\"name\":\"Osobni trener - Online trening - Plan treninga - Petar Dragojevi\u0107\",\"isPartOf\":{\"@id\":\"https:\\\/\\\/adriafitness.hr\\\/#website\"},\"primaryImageOfPage\":{\"@id\":\"https:\\\/\\\/adriafitness.hr\\\/index.php\\\/osobni-trener-o-meni\\\/#primaryimage\"},\"image\":{\"@id\":\"https:\\\/\\\/adriafitness.hr\\\/index.php\\\/osobni-trener-o-meni\\\/#primaryimage\"},\"thumbnailUrl\":\"https:\\\/\\\/adriafitness.hr\\\/wp-content\\\/uploads\\\/2025\\\/06\\\/WhatsApp-Slika-2025-06-08-u-15.09.25_14399036-1-1024x683.jpg\",\"datePublished\":\"2025-03-01T15:49:46+00:00\",\"dateModified\":\"2025-08-27T12:12:16+00:00\",\"description\":\"Pozdrav, ja sam Petar Dragojevi\u0107 i magistar sam kineziologije. Kao osobni trener pomogao sam mnogima da postignu svoje ciljeve.\",\"breadcrumb\":{\"@id\":\"https:\\\/\\\/adriafitness.hr\\\/index.php\\\/osobni-trener-o-meni\\\/#breadcrumb\"},\"inLanguage\":\"hr\",\"potentialAction\":[{\"@type\":\"ReadAction\",\"target\":[\"https:\\\/\\\/adriafitness.hr\\\/index.php\\\/osobni-trener-o-meni\\\/\"]}]},{\"@type\":\"ImageObject\",\"inLanguage\":\"hr\",\"@id\":\"https:\\\/\\\/adriafitness.hr\\\/index.php\\\/osobni-trener-o-meni\\\/#primaryimage\",\"url\":\"https:\\\/\\\/adriafitness.hr\\\/wp-content\\\/uploads\\\/2025\\\/06\\\/WhatsApp-Slika-2025-06-08-u-15.09.25_14399036-1.jpg\",\"contentUrl\":\"https:\\\/\\\/adriafitness.hr\\\/wp-content\\\/uploads\\\/2025\\\/06\\\/WhatsApp-Slika-2025-06-08-u-15.09.25_14399036-1.jpg\",\"width\":1080,\"height\":720},{\"@type\":\"BreadcrumbList\",\"@id\":\"https:\\\/\\\/adriafitness.hr\\\/index.php\\\/osobni-trener-o-meni\\\/#breadcrumb\",\"itemListElement\":[{\"@type\":\"ListItem\",\"position\":1,\"name\":\"Po\u010detna stranica\",\"item\":\"https:\\\/\\\/adriafitness.hr\\\/\"},{\"@type\":\"ListItem\",\"position\":2,\"name\":\"O MENI &#8211; OSOBNI TRENER\"}]},{\"@type\":\"WebSite\",\"@id\":\"https:\\\/\\\/adriafitness.hr\\\/#website\",\"url\":\"https:\\\/\\\/adriafitness.hr\\\/\",\"name\":\"Adria Fitness\",\"description\":\"Change yourself\",\"publisher\":{\"@id\":\"https:\\\/\\\/adriafitness.hr\\\/#\\\/schema\\\/person\\\/247b813935dc7b7014196f73a864e2fb\"},\"potentialAction\":[{\"@type\":\"SearchAction\",\"target\":{\"@type\":\"EntryPoint\",\"urlTemplate\":\"https:\\\/\\\/adriafitness.hr\\\/?s={search_term_string}\"},\"query-input\":{\"@type\":\"PropertyValueSpecification\",\"valueRequired\":true,\"valueName\":\"search_term_string\"}}],\"inLanguage\":\"hr\"},{\"@type\":[\"Person\",\"Organization\"],\"@id\":\"https:\\\/\\\/adriafitness.hr\\\/#\\\/schema\\\/person\\\/247b813935dc7b7014196f73a864e2fb\",\"name\":\"admin\",\"image\":{\"@type\":\"ImageObject\",\"inLanguage\":\"hr\",\"@id\":\"https:\\\/\\\/adriafitness.hr\\\/wp-content\\\/uploads\\\/2025\\\/02\\\/cropped-WhatsApp-Slika-2025-02-28-u-17.35.37_4d439098-1-2.jpg\",\"url\":\"https:\\\/\\\/adriafitness.hr\\\/wp-content\\\/uploads\\\/2025\\\/02\\\/cropped-WhatsApp-Slika-2025-02-28-u-17.35.37_4d439098-1-2.jpg\",\"contentUrl\":\"https:\\\/\\\/adriafitness.hr\\\/wp-content\\\/uploads\\\/2025\\\/02\\\/cropped-WhatsApp-Slika-2025-02-28-u-17.35.37_4d439098-1-2.jpg\",\"width\":512,\"height\":512,\"caption\":\"admin\"},\"logo\":{\"@id\":\"https:\\\/\\\/adriafitness.hr\\\/wp-content\\\/uploads\\\/2025\\\/02\\\/cropped-WhatsApp-Slika-2025-02-28-u-17.35.37_4d439098-1-2.jpg\"},\"sameAs\":[\"https:\\\/\\\/adriafitness.hr\",\"https:\\\/\\\/www.facebook.com\\\/share\\\/19BSebzEJN\\\/\",\"https:\\\/\\\/www.instagram.com\\\/_adria.fitness_\\\/\",\"https:\\\/\\\/youtube.com\\\/@petardragojevic3960?si=DirRTvG3WBmdijQ3\"]}]}<\/script>\n<!-- \/ Yoast SEO plugin. -->","yoast_head_json":{"title":"Osobni trener - Online trening - Plan treninga - Petar Dragojevi\u0107","description":"Pozdrav, ja sam Petar Dragojevi\u0107 i magistar sam kineziologije. Kao osobni trener pomogao sam mnogima da postignu svoje ciljeve.","robots":{"index":"index","follow":"follow","max-snippet":"max-snippet:-1","max-image-preview":"max-image-preview:large","max-video-preview":"max-video-preview:-1"},"canonical":"https:\/\/adriafitness.hr\/index.php\/osobni-trener-o-meni\/","og_locale":"hr_HR","og_type":"article","og_title":"Osobni trener - Online trening - Plan treninga - Petar Dragojevi\u0107","og_description":"Pozdrav, ja sam Petar Dragojevi\u0107 i magistar sam kineziologije. Kao osobni trener pomogao sam mnogima da postignu svoje ciljeve.","og_url":"https:\/\/adriafitness.hr\/index.php\/osobni-trener-o-meni\/","og_site_name":"Adria Fitness","article_publisher":"https:\/\/www.facebook.com\/share\/19BSebzEJN\/","article_modified_time":"2025-08-27T12:12:16+00:00","og_image":[{"width":1080,"height":720,"url":"https:\/\/adriafitness.hr\/wp-content\/uploads\/2025\/06\/WhatsApp-Slika-2025-06-08-u-15.09.25_14399036-1.jpg","type":"image\/jpeg"}],"twitter_card":"summary_large_image","twitter_misc":{"Procijenjeno vrijeme \u010ditanja":"4 minute"},"schema":{"@context":"https:\/\/schema.org","@graph":[{"@type":"WebPage","@id":"https:\/\/adriafitness.hr\/index.php\/osobni-trener-o-meni\/","url":"https:\/\/adriafitness.hr\/index.php\/osobni-trener-o-meni\/","name":"Osobni trener - Online trening - Plan treninga - Petar Dragojevi\u0107","isPartOf":{"@id":"https:\/\/adriafitness.hr\/#website"},"primaryImageOfPage":{"@id":"https:\/\/adriafitness.hr\/index.php\/osobni-trener-o-meni\/#primaryimage"},"image":{"@id":"https:\/\/adriafitness.hr\/index.php\/osobni-trener-o-meni\/#primaryimage"},"thumbnailUrl":"https:\/\/adriafitness.hr\/wp-content\/uploads\/2025\/06\/WhatsApp-Slika-2025-06-08-u-15.09.25_14399036-1-1024x683.jpg","datePublished":"2025-03-01T15:49:46+00:00","dateModified":"2025-08-27T12:12:16+00:00","description":"Pozdrav, ja sam Petar Dragojevi\u0107 i magistar sam kineziologije. Kao osobni trener pomogao sam mnogima da postignu svoje ciljeve.","breadcrumb":{"@id":"https:\/\/adriafitness.hr\/index.php\/osobni-trener-o-meni\/#breadcrumb"},"inLanguage":"hr","potentialAction":[{"@type":"ReadAction","target":["https:\/\/adriafitness.hr\/index.php\/osobni-trener-o-meni\/"]}]},{"@type":"ImageObject","inLanguage":"hr","@id":"https:\/\/adriafitness.hr\/index.php\/osobni-trener-o-meni\/#primaryimage","url":"https:\/\/adriafitness.hr\/wp-content\/uploads\/2025\/06\/WhatsApp-Slika-2025-06-08-u-15.09.25_14399036-1.jpg","contentUrl":"https:\/\/adriafitness.hr\/wp-content\/uploads\/2025\/06\/WhatsApp-Slika-2025-06-08-u-15.09.25_14399036-1.jpg","width":1080,"height":720},{"@type":"BreadcrumbList","@id":"https:\/\/adriafitness.hr\/index.php\/osobni-trener-o-meni\/#breadcrumb","itemListElement":[{"@type":"ListItem","position":1,"name":"Po\u010detna stranica","item":"https:\/\/adriafitness.hr\/"},{"@type":"ListItem","position":2,"name":"O MENI &#8211; OSOBNI TRENER"}]},{"@type":"WebSite","@id":"https:\/\/adriafitness.hr\/#website","url":"https:\/\/adriafitness.hr\/","name":"Adria Fitness","description":"Change yourself","publisher":{"@id":"https:\/\/adriafitness.hr\/#\/schema\/person\/247b813935dc7b7014196f73a864e2fb"},"potentialAction":[{"@type":"SearchAction","target":{"@type":"EntryPoint","urlTemplate":"https:\/\/adriafitness.hr\/?s={search_term_string}"},"query-input":{"@type":"PropertyValueSpecification","valueRequired":true,"valueName":"search_term_string"}}],"inLanguage":"hr"},{"@type":["Person","Organization"],"@id":"https:\/\/adriafitness.hr\/#\/schema\/person\/247b813935dc7b7014196f73a864e2fb","name":"admin","image":{"@type":"ImageObject","inLanguage":"hr","@id":"https:\/\/adriafitness.hr\/wp-content\/uploads\/2025\/02\/cropped-WhatsApp-Slika-2025-02-28-u-17.35.37_4d439098-1-2.jpg","url":"https:\/\/adriafitness.hr\/wp-content\/uploads\/2025\/02\/cropped-WhatsApp-Slika-2025-02-28-u-17.35.37_4d439098-1-2.jpg","contentUrl":"https:\/\/adriafitness.hr\/wp-content\/uploads\/2025\/02\/cropped-WhatsApp-Slika-2025-02-28-u-17.35.37_4d439098-1-2.jpg","width":512,"height":512,"caption":"admin"},"logo":{"@id":"https:\/\/adriafitness.hr\/wp-content\/uploads\/2025\/02\/cropped-WhatsApp-Slika-2025-02-28-u-17.35.37_4d439098-1-2.jpg"},"sameAs":["https:\/\/adriafitness.hr","https:\/\/www.facebook.com\/share\/19BSebzEJN\/","https:\/\/www.instagram.com\/_adria.fitness_\/","https:\/\/youtube.com\/@petardragojevic3960?si=DirRTvG3WBmdijQ3"]}]}},"_links":{"self":[{"href":"https:\/\/adriafitness.hr\/index.php\/wp-json\/wp\/v2\/pages\/58","targetHints":{"allow":["GET"]}}],"collection":[{"href":"https:\/\/adriafitness.hr\/index.php\/wp-json\/wp\/v2\/pages"}],"about":[{"href":"https:\/\/adriafitness.hr\/index.php\/wp-json\/wp\/v2\/types\/page"}],"author":[{"embeddable":true,"href":"https:\/\/adriafitness.hr\/index.php\/wp-json\/wp\/v2\/users\/1"}],"replies":[{"embeddable":true,"href":"https:\/\/adriafitness.hr\/index.php\/wp-json\/wp\/v2\/comments?post=58"}],"version-history":[{"count":51,"href":"https:\/\/adriafitness.hr\/index.php\/wp-json\/wp\/v2\/pages\/58\/revisions"}],"predecessor-version":[{"id":629,"href":"https:\/\/adriafitness.hr\/index.php\/wp-json\/wp\/v2\/pages\/58\/revisions\/629"}],"wp:attachment":[{"href":"https:\/\/adriafitness.hr\/index.php\/wp-json\/wp\/v2\/media?parent=58"}],"curies":[{"name":"wp","href":"https:\/\/api.w.org\/{rel}","templated":true}]}}